{"id":58,"date":"2021-11-04T16:48:30","date_gmt":"2021-11-04T15:48:30","guid":{"rendered":"http:\/\/okazoo.bzh\/?page_id=58"},"modified":"2025-05-16T13:00:53","modified_gmt":"2025-05-16T11:00:53","slug":"o-kazoo-chez-vous-2","status":"publish","type":"page","link":"https:\/\/okazoo.bzh\/index.php\/o-kazoo-chez-vous-2\/","title":{"rendered":"\u00d4 Kazoo chez vous"},"content":{"rendered":"\n<div class=\"wp-block-columns is-layout-flex wp-container-core-columns-is-layout-9d6595d7 wp-block-columns-is-layout-flex\">\n<div class=\"wp-block-column is-layout-flow wp-block-column-is-layout-flow\">\n<div class=\"wp-block-group arrondir has-yellow-background-color has-background\"><div class=\"wp-block-group__inner-container is-layout-flow wp-block-group-is-layout-flow\">\n<div class=\"wp-block-group\"><div class=\"wp-block-group__inner-container is-layout-flow wp-block-group-is-layout-flow\">\n<h2 class=\"wp-block-heading\" id=\"eveil-musical\">Eveil Musical<\/h2>\n\n\n\n<figure class=\"wp-block-image size-large is-style-rounded\"><img loading=\"lazy\" decoding=\"async\" width=\"1024\" height=\"710\" src=\"http:\/\/okazoo.bzh\/wp-content\/uploads\/2021\/11\/bebe-music-1024x710.jpg\" alt=\"\" class=\"wp-image-176\" srcset=\"https:\/\/okazoo.bzh\/wp-content\/uploads\/2021\/11\/bebe-music-1024x710.jpg 1024w, https:\/\/okazoo.bzh\/wp-content\/uploads\/2021\/11\/bebe-music-300x208.jpg 300w, https:\/\/okazoo.bzh\/wp-content\/uploads\/2021\/11\/bebe-music-768x533.jpg 768w, https:\/\/okazoo.bzh\/wp-content\/uploads\/2021\/11\/bebe-music.jpg 1103w\" sizes=\"auto, (max-width: 1024px) 100vw, 1024px\" \/><\/figure>\n\n\n\n<p>Un atelier pour les petits, autour de la d\u00e9couverte sensorielle de la musique.<\/p>\n\n\n\n<p>Chaque s\u00e9ance est construite autour de cinq \u00e9l\u00e9ments :<\/p>\n\n\n\n<ul class=\"wp-block-list\">\n<li>la voix, le chant (comptines traditionnelles, jeux de doigts et chansons sign\u00e9es)<\/li>\n\n\n\n<li>la motricit\u00e9 fine (exploration sensorielle d&#8217;instruments)<\/li>\n\n\n\n<li>la motricit\u00e9 ( aller vers les instruments, danser)<\/li>\n\n\n\n<li>la musique (produire des sons avec son corps, avec des objets)<\/li>\n\n\n\n<li>l&#8217;\u00e9coute (des voix, des sons)<\/li>\n<\/ul>\n\n\n\n<p>J&#8217;interviens dans les cr\u00e8ches, les MAM, dans les ateliers des R\u00e9seaux d&#8217;Assistants Maternels, \u00e0 domicile pour les familles pratiquant l&#8217;IEF.<\/p>\n\n\n\n<p class=\"has-text-align-center\">Avec Josette et Ga\u00eblle.<\/p>\n<\/div><\/div>\n\n\n\n<div class=\"wp-block-columns is-layout-flex wp-container-core-columns-is-layout-9d6595d7 wp-block-columns-is-layout-flex\">\n<div class=\"wp-block-column is-layout-flow wp-block-column-is-layout-flow\">\n<figure class=\"wp-block-image size-full is-resized is-style-rounded\"><img loading=\"lazy\" decoding=\"async\" width=\"225\" height=\"225\" src=\"http:\/\/okazoo.bzh\/wp-content\/uploads\/2021\/10\/josette.jpg\" alt=\"\" class=\"wp-image-46\" style=\"width:93px;height:93px\" srcset=\"https:\/\/okazoo.bzh\/wp-content\/uploads\/2021\/10\/josette.jpg 225w, https:\/\/okazoo.bzh\/wp-content\/uploads\/2021\/10\/josette-150x150.jpg 150w\" sizes=\"auto, (max-width: 225px) 100vw, 225px\" \/><\/figure>\n<\/div>\n\n\n\n<div class=\"wp-block-column is-layout-flow wp-block-column-is-layout-flow\">\n<figure class=\"wp-block-image size-full is-resized is-style-rounded\"><img loading=\"lazy\" decoding=\"async\" width=\"662\" height=\"662\" src=\"http:\/\/okazoo.bzh\/wp-content\/uploads\/2021\/11\/gaelle.jpg\" alt=\"\" class=\"wp-image-175\" style=\"width:93px;height:93px\" srcset=\"https:\/\/okazoo.bzh\/wp-content\/uploads\/2021\/11\/gaelle.jpg 662w, https:\/\/okazoo.bzh\/wp-content\/uploads\/2021\/11\/gaelle-300x300.jpg 300w, https:\/\/okazoo.bzh\/wp-content\/uploads\/2021\/11\/gaelle-150x150.jpg 150w\" sizes=\"auto, (max-width: 662px) 100vw, 662px\" \/><\/figure>\n<\/div>\n<\/div>\n<\/div><\/div>\n\n\n\n<p><\/p>\n\n\n\n<p><\/p>\n\n\n\n<p><\/p>\n\n\n\n<p><\/p>\n<\/div>\n\n\n\n<div class=\"wp-block-column is-layout-flow wp-block-column-is-layout-flow\">\n<div class=\"wp-block-group arrondir has-yellow-background-color has-background\"><div class=\"wp-block-group__inner-container is-layout-flow wp-block-group-is-layout-flow\">\n<div class=\"wp-block-group\"><div class=\"wp-block-group__inner-container is-layout-flow wp-block-group-is-layout-flow\">\n<h2 class=\"wp-block-heading\" id=\"musique-en-classe\">Musique en classe<\/h2>\n\n\n<div class=\"wp-block-image arrondi\">\n<figure class=\"aligncenter size-full is-resized\"><img loading=\"lazy\" decoding=\"async\" width=\"192\" height=\"192\" src=\"https:\/\/okazoo.bzh\/wp-content\/uploads\/2022\/09\/Logo-Education-nationale.jpeg\" alt=\"Agr\u00e9ment Education Nationale 2021-2024\n\" class=\"wp-image-441\" style=\"width:230px;height:230px\" srcset=\"https:\/\/okazoo.bzh\/wp-content\/uploads\/2022\/09\/Logo-Education-nationale.jpeg 192w, https:\/\/okazoo.bzh\/wp-content\/uploads\/2022\/09\/Logo-Education-nationale-150x150.jpeg 150w\" sizes=\"auto, (max-width: 192px) 100vw, 192px\" \/><figcaption class=\"wp-element-caption\"><strong><mark style=\"background-color:#FDE64B\" class=\"has-inline-color has-blue-color\">Agr\u00e9ment Education Nationale<\/mark><\/strong><\/figcaption><\/figure>\n<\/div>\n\n\n<h4 class=\"wp-block-heading\" id=\"ecoute-et-pratique-musicale\">Ecoute et pratique musicale<\/h4>\n\n\n\n<p>En maternelles, des activit\u00e9s de chants, percussions corporelles et d\u00e9couvertes sensorielles des instruments de musique.<\/p>\n\n\n\n<p>En \u00e9l\u00e9mentaires, des activit\u00e9s de rythme, de codage et d\u00e9codage de la musique, de cr\u00e9ation, de percussions corporelles et de pratique instrumentale.<\/p>\n\n\n\n<figure class=\"wp-block-image size-full\"><img loading=\"lazy\" decoding=\"async\" width=\"557\" height=\"391\" src=\"http:\/\/okazoo.bzh\/wp-content\/uploads\/2021\/11\/Sans-titre.png\" alt=\"\" class=\"wp-image-177\" srcset=\"https:\/\/okazoo.bzh\/wp-content\/uploads\/2021\/11\/Sans-titre.png 557w, https:\/\/okazoo.bzh\/wp-content\/uploads\/2021\/11\/Sans-titre-300x211.png 300w\" sizes=\"auto, (max-width: 557px) 100vw, 557px\" \/><\/figure>\n\n\n\n<p>Un projet construit avec l&#8217;enseignant, autour du projet d&#8217;\u00e9cole et des comp\u00e9tences du programme de l&#8217;Education Nationale.<\/p>\n\n\n\n<h4 class=\"wp-block-heading\" id=\"creation-de-chanson\">Quelques exemples de r\u00e9alisations<\/h4>\n\n\n\n<div class=\"wp-block-buttons is-layout-flex wp-block-buttons-is-layout-flex\">\n<div class=\"wp-block-button\"><a class=\"wp-block-button__link wp-element-button\" href=\"https:\/\/youtu.be\/hIhnh44UT0o\" target=\"_blank\" rel=\"noreferrer noopener\">Percu nature avec des CM<\/a><\/div>\n\n\n\n<div class=\"wp-block-button\"><a class=\"wp-block-button__link wp-element-button\" href=\"https:\/\/youtu.be\/oyfWcJtrW6I\" target=\"_blank\" rel=\"noreferrer noopener\">Paysage sonore de l&#8217;hiver<\/a><\/div>\n\n\n\n<div class=\"wp-block-button\"><a class=\"wp-block-button__link wp-element-button\" href=\"https:\/\/youtu.be\/X5FL7lUlMOA\" target=\"_blank\" rel=\"noreferrer noopener\">Histoire bruit\u00e9e en CP-CE1<\/a><\/div>\n<\/div>\n\n\n\n<p><\/p>\n<\/div><\/div>\n<\/div><\/div>\n<\/div>\n<\/div>\n\n\n\n<div class=\"wp-block-columns is-layout-flex wp-container-core-columns-is-layout-9d6595d7 wp-block-columns-is-layout-flex\">\n<div class=\"wp-block-column is-layout-flow wp-block-column-is-layout-flow\">\n<div class=\"wp-block-group arrondir has-yellow-background-color has-background\"><div class=\"wp-block-group__inner-container is-layout-flow wp-block-group-is-layout-flow\">\n<div class=\"wp-block-group\"><div class=\"wp-block-group__inner-container is-layout-flow wp-block-group-is-layout-flow\">\n<h2 class=\"wp-block-heading\" id=\"musique-en-foyer-de-vie\">Musique en foyer de vie<\/h2>\n\n\n\n<p class=\"has-text-align-left\">Form\u00e9e aux ateliers \u00e0 m\u00e9diation musicale par Pascal Viossat, musicoth\u00e9rapeute, je prends plaisir \u00e0 m\u00ealer cr\u00e9ativit\u00e9 et bonne humeur dans mes ateliers aupr\u00e8s de personnes porteuses de handicap ou de personnes \u00e2g\u00e9es. Un vrai moment de partage entre les r\u00e9sidents. <\/p>\n<\/div><\/div>\n<\/div><\/div>\n\n\n\n<p><\/p>\n\n\n\n<p><\/p>\n\n\n\n<p><\/p>\n\n\n\n<p><\/p>\n<\/div>\n\n\n\n<div class=\"wp-block-column is-layout-flow wp-block-column-is-layout-flow\">\n<div class=\"wp-block-group arrondir has-yellow-background-color has-background\"><div class=\"wp-block-group__inner-container is-layout-flow wp-block-group-is-layout-flow\">\n<div class=\"wp-block-group\"><div class=\"wp-block-group__inner-container is-layout-flow wp-block-group-is-layout-flow\">\n<h2 class=\"wp-block-heading has-text-align-center\" id=\"spectacle\">Spectacle<\/h2>\n\n\n\n<p>Envie d&#8217;offrir un spectacle \u00e0 des enfants ? Je cr\u00e9e et pr\u00e9sente un spectacle sur mesure pour votre f\u00eate de fin d&#8217;ann\u00e9e ou juste pour faire plaisir \u00e0 vos petits de cr\u00e8ches,  de maternelles, avec les assistants maternels.<\/p>\n<\/div><\/div>\n<\/div><\/div>\n<\/div>\n<\/div>\n\n\n\n<div class=\"wp-block-columns is-layout-flex wp-container-core-columns-is-layout-9d6595d7 wp-block-columns-is-layout-flex\">\n<div class=\"wp-block-column is-layout-flow wp-block-column-is-layout-flow\">\n<div class=\"wp-block-columns is-layout-flex wp-container-core-columns-is-layout-9d6595d7 wp-block-columns-is-layout-flex\">\n<div class=\"wp-block-column is-layout-flow wp-block-column-is-layout-flow\">\n<div class=\"wp-block-group arrondir has-yellow-background-color has-background\"><div class=\"wp-block-group__inner-container is-layout-flow wp-block-group-is-layout-flow\">\n<div class=\"wp-block-group\"><div class=\"wp-block-group__inner-container is-layout-flow wp-block-group-is-layout-flow\">\n<h2 class=\"wp-block-heading\" id=\"musique-a-l-ecole\">Musique \u00e0 l&#8217;\u00e9cole<\/h2>\n\n\n<div class=\"wp-block-image\">\n<figure class=\"aligncenter size-full\"><img loading=\"lazy\" decoding=\"async\" width=\"192\" height=\"192\" src=\"https:\/\/okazoo.bzh\/wp-content\/uploads\/2022\/09\/Logo-Education-nationale-1.jpeg\" alt=\"\" class=\"wp-image-444\" srcset=\"https:\/\/okazoo.bzh\/wp-content\/uploads\/2022\/09\/Logo-Education-nationale-1.jpeg 192w, https:\/\/okazoo.bzh\/wp-content\/uploads\/2022\/09\/Logo-Education-nationale-1-150x150.jpeg 150w\" sizes=\"auto, (max-width: 192px) 100vw, 192px\" \/><\/figure>\n<\/div>\n\n\n<p>C&#8217;est peut-\u00eatre le moment de mettre en place un atelier musique dans votre \u00e9tablissement, sur le temps du midi par exemple. L&#8217;occasion pour les \u00e9l\u00e8ves de pratiquer le chant choral et la pratique instrumentale en groupe.<\/p>\n<\/div><\/div>\n\n\n\n<figure class=\"wp-block-video\"><video controls src=\"http:\/\/okazoo.bzh\/wp-content\/uploads\/2021\/11\/video-1637578191.mp4\"><\/video><figcaption class=\"wp-element-caption\">CE2-CM<\/figcaption><\/figure>\n\n\n\n<p><\/p>\n<\/div><\/div>\n<\/div>\n\n\n\n<div class=\"wp-block-column is-layout-flow wp-block-column-is-layout-flow\"><\/div>\n<\/div>\n<\/div>\n<\/div>\n\n\n\n<div class=\"wp-block-buttons alignwide is-horizontal is-content-justification-center is-layout-flex wp-container-core-buttons-is-layout-499968f5 wp-block-buttons-is-layout-flex\">\n<div class=\"wp-block-button\"><a class=\"wp-block-button__link wp-element-button\" href=\"http:\/\/okazoo.bzh\/index.php\/nous-intervenons-deja-chez\/\">Quelques structures dans lesquelles j&#8217;interviens d\u00e9j\u00e0<\/a><\/div>\n<\/div>\n\n\n\n<div class=\"wp-block-group\"><div class=\"wp-block-group__inner-container is-layout-flow wp-block-group-is-layout-flow\">\n<p><\/p>\n<\/div><\/div>\n\n\n\n<p><\/p>\n","protected":false},"excerpt":{"rendered":"<p>Eveil Musical Un atelier pour les petits, autour de la d\u00e9couverte sensorielle de la musique. [&hellip;]<\/p>\n","protected":false},"author":1,"featured_media":0,"parent":0,"menu_order":0,"comment_status":"closed","ping_status":"closed","template":"","meta":{"_EventAllDay":false,"_EventTimezone":"","_EventStartDate":"","_EventEndDate":"","_EventStartDateUTC":"","_EventEndDateUTC":"","_EventShowMap":false,"_EventShowMapLink":false,"_EventURL":"","_EventCost":"","_EventCostDescription":"","_EventCurrencySymbol":"","_EventCurrencyPosition":"","_EventDateTimeSeparator":"","_EventTimeRangeSeparator":"","_EventOrganizerID":[],"_EventVenueID":0,"_OrganizerEmail":"","_OrganizerPhone":"","_OrganizerWebsite":"","_VenueAddress":"","_VenueCity":"","_VenueCountry":"","_VenueProvince":"","_VenueZip":"","_VenuePhone":"","_VenueURL":"","_VenueStateProvince":"","_VenueLat":"","_VenueLng":"","footnotes":""},"class_list":["post-58","page","type-page","status-publish","hentry"],"_links":{"self":[{"href":"https:\/\/okazoo.bzh\/index.php\/wp-json\/wp\/v2\/pages\/58","targetHints":{"allow":["GET"]}}],"collection":[{"href":"https:\/\/okazoo.bzh\/index.php\/wp-json\/wp\/v2\/pages"}],"about":[{"href":"https:\/\/okazoo.bzh\/index.php\/wp-json\/wp\/v2\/types\/page"}],"author":[{"embeddable":true,"href":"https:\/\/okazoo.bzh\/index.php\/wp-json\/wp\/v2\/users\/1"}],"replies":[{"embeddable":true,"href":"https:\/\/okazoo.bzh\/index.php\/wp-json\/wp\/v2\/comments?post=58"}],"version-history":[{"count":80,"href":"https:\/\/okazoo.bzh\/index.php\/wp-json\/wp\/v2\/pages\/58\/revisions"}],"predecessor-version":[{"id":499,"href":"https:\/\/okazoo.bzh\/index.php\/wp-json\/wp\/v2\/pages\/58\/revisions\/499"}],"wp:attachment":[{"href":"https:\/\/okazoo.bzh\/index.php\/wp-json\/wp\/v2\/media?parent=58"}],"curies":[{"name":"wp","href":"https:\/\/api.w.org\/{rel}","templated":true}]}}